{"id":365,"date":"2025-09-30T08:42:43","date_gmt":"2025-09-30T08:42:43","guid":{"rendered":"https:\/\/austria-best-hotels.at\/?page_id=365"},"modified":"2025-09-30T08:42:44","modified_gmt":"2025-09-30T08:42:44","slug":"ueber-uns","status":"publish","type":"page","link":"https:\/\/austria-best-hotels.at\/index.php\/ueber-uns\/","title":{"rendered":"\u00dcBER UNS"},"content":{"rendered":"\n<h2 class=\"wp-block-heading has-text-align-left\">Austria Best Hotels<\/h2>\n\n\n\n<p><strong><em>Ankommen &amp; Wohlf\u00fchlen \u2013 DU bei uns<\/em><\/strong><\/p>\n\n\n\n<div class=\"wp-block-media-text is-stacked-on-mobile\"><figure class=\"wp-block-media-text__media\"><img loading=\"lazy\" decoding=\"async\" width=\"1024\" height=\"683\" src=\"https:\/\/austria-best-hotels.at\/wp-content\/uploads\/2025\/09\/250364319.jpg\" alt=\"\" class=\"wp-image-323 size-full\" srcset=\"https:\/\/austria-best-hotels.at\/wp-content\/uploads\/2025\/09\/250364319.jpg 1024w, https:\/\/austria-best-hotels.at\/wp-content\/uploads\/2025\/09\/250364319-300x200.jpg 300w, https:\/\/austria-best-hotels.at\/wp-content\/uploads\/2025\/09\/250364319-768x512.jpg 768w\" sizes=\"auto, (max-width: 1024px) 100vw, 1024px\" \/><\/figure><div class=\"wp-block-media-text__content\">\n<p>Willkommen bei&nbsp;<strong>Austria Best Hotels<\/strong>&nbsp;\u2013 wo Vielfalt, Gastfreundschaft und Qualit\u00e4t zu einem unvergesslichen Erlebnis werden. Unsere H\u00e4user vereinen Stadthotels, Landhotels, Motels und Schl\u00f6sser \u2013 und bieten f\u00fcr jeden Anlass die passende Location. Ob Urlaub, Business oder Feier: Bei uns finden Sie Ihr Zuhause auf Zeit.<\/p>\n\n\n\n<p>Bei uns geht es nicht nur ums \u00dcbernachten \u2013 es geht um Erlebnisse.<br><\/p>\n<\/div><\/div>\n\n\n\n<div class=\"wp-block-media-text has-media-on-the-right is-stacked-on-mobile\"><div class=\"wp-block-media-text__content\">\n<p><\/p>\n\n\n\n<p><strong>Vielfalt<\/strong>: Von modernen Stadthotels \u00fcber charmante Landhotels bis hin zu Motels und historischen Schl\u00f6ssern<br>&nbsp;<strong>F\u00fcr jeden Anlass<\/strong>: Urlaub, Business, Hochzeit, Familienfeier oder Seminar \u2013 wir haben die passende Location<br><strong>Pers\u00f6nliche Betreuung<\/strong>: Bei uns steht der Gast im Mittelpunkt \u2013 individuelle W\u00fcnsche sind willkommen<br><strong>24\/7 erreichbar<\/strong>: Mit unserer&nbsp;<strong>Hotline rund um die Uhr<\/strong>&nbsp;sind wir immer f\u00fcr Sie da<\/p>\n\n\n\n<p>So schaffen wir&nbsp;<strong>Orte zum Ankommen und Wohlf\u00fchlen<\/strong>, die in Erinnerung bleiben.<\/p>\n<\/div><figure class=\"wp-block-media-text__media\"><img loading=\"lazy\" decoding=\"async\" width=\"1024\" height=\"678\" src=\"https:\/\/austria-best-hotels.at\/wp-content\/uploads\/2025\/05\/raabs-schnaps-1024x678.jpg\" alt=\"\" class=\"wp-image-244 size-full\" srcset=\"https:\/\/austria-best-hotels.at\/wp-content\/uploads\/2025\/05\/raabs-schnaps-1024x678.jpg 1024w, https:\/\/austria-best-hotels.at\/wp-content\/uploads\/2025\/05\/raabs-schnaps-300x199.jpg 300w, https:\/\/austria-best-hotels.at\/wp-content\/uploads\/2025\/05\/raabs-schnaps-768x508.jpg 768w, https:\/\/austria-best-hotels.at\/wp-content\/uploads\/2025\/05\/raabs-schnaps.jpg 1396w\" sizes=\"auto, (max-width: 1024px) 100vw, 1024px\" \/><\/figure><\/div>\n\n\n\n<p class=\"has-text-align-center\">Egal ob Entspannung, Abenteuer oder ein besonderer Anlass:&nbsp;<strong>Austria Best Hotels bietet immer das gewisse Extra.<\/strong><br>Wir verbinden Qualit\u00e4t, Herzlichkeit und Vielfalt \u2013 und machen jeden Aufenthalt einzigartig.<\/p>\n\n\n\n<p><\/p>\n","protected":false},"excerpt":{"rendered":"<p>Austria Best Hotels Ankommen &amp; Wohlf\u00fchlen \u2013 DU bei uns Willkommen bei&nbsp;Austria Best Hotels&nbsp;\u2013 wo Vielfalt, Gastfreundschaft und Qualit\u00e4t zu einem unvergesslichen Erlebnis werden. Unsere H\u00e4user vereinen Stadthotels, Landhotels, Motels und Schl\u00f6sser \u2013 und bieten f\u00fcr jeden Anlass die passende Location. Ob Urlaub, Business oder Feier: Bei uns finden Sie Ihr Zuhause auf Zeit. Bei&hellip; <br \/> <a class=\"read-more\" href=\"https:\/\/austria-best-hotels.at\/index.php\/ueber-uns\/\">Weiterlesen<\/a><\/p>\n","protected":false},"author":1,"featured_media":0,"parent":0,"menu_order":0,"comment_status":"closed","ping_status":"closed","template":"","meta":{"footnotes":""},"class_list":["post-365","page","type-page","status-publish","hentry"],"yoast_head":"<!-- This site is optimized with the Yoast SEO plugin v26.4 - https:\/\/yoast.com\/wordpress\/plugins\/seo\/ -->\n<title>\u00dcBER UNS - Austria Best Hotels<\/title>\n<meta name=\"robots\" content=\"index, follow, max-snippet:-1, max-image-preview:large, max-video-preview:-1\" \/>\n<link rel=\"canonical\" href=\"https:\/\/austria-best-hotels.at\/index.php\/ueber-uns\/\" \/>\n<meta property=\"og:locale\" content=\"de_DE\" \/>\n<meta property=\"og:type\" content=\"article\" \/>\n<meta property=\"og:title\" content=\"\u00dcBER UNS - Austria Best Hotels\" \/>\n<meta property=\"og:description\" content=\"Austria Best Hotels Ankommen &amp; Wohlf\u00fchlen \u2013 DU bei uns Willkommen bei&nbsp;Austria Best Hotels&nbsp;\u2013 wo Vielfalt, Gastfreundschaft und Qualit\u00e4t zu einem unvergesslichen Erlebnis werden. Unsere H\u00e4user vereinen Stadthotels, Landhotels, Motels und Schl\u00f6sser \u2013 und bieten f\u00fcr jeden Anlass die passende Location. Ob Urlaub, Business oder Feier: Bei uns finden Sie Ihr Zuhause auf Zeit. Bei&hellip; Weiterlesen\" \/>\n<meta property=\"og:url\" content=\"https:\/\/austria-best-hotels.at\/index.php\/ueber-uns\/\" \/>\n<meta property=\"og:site_name\" content=\"Austria Best Hotels\" \/>\n<meta property=\"article:modified_time\" content=\"2025-09-30T08:42:44+00:00\" \/>\n<meta property=\"og:image\" content=\"https:\/\/austria-best-hotels.at\/wp-content\/uploads\/2025\/09\/250364319.jpg\" \/>\n\t<meta property=\"og:image:width\" content=\"1024\" \/>\n\t<meta property=\"og:image:height\" content=\"683\" \/>\n\t<meta property=\"og:image:type\" content=\"image\/jpeg\" \/>\n<meta name=\"twitter:card\" content=\"summary_large_image\" \/>\n<meta name=\"twitter:label1\" content=\"Gesch\u00e4tzte Lesezeit\" \/>\n\t<meta name=\"twitter:data1\" content=\"2\u00a0Minuten\" \/>\n<script type=\"application\/ld+json\" class=\"yoast-schema-graph\">{\"@context\":\"https:\/\/schema.org\",\"@graph\":[{\"@type\":\"WebPage\",\"@id\":\"https:\/\/austria-best-hotels.at\/index.php\/ueber-uns\/\",\"url\":\"https:\/\/austria-best-hotels.at\/index.php\/ueber-uns\/\",\"name\":\"\u00dcBER UNS - Austria Best Hotels\",\"isPartOf\":{\"@id\":\"https:\/\/austria-best-hotels.at\/#website\"},\"primaryImageOfPage\":{\"@id\":\"https:\/\/austria-best-hotels.at\/index.php\/ueber-uns\/#primaryimage\"},\"image\":{\"@id\":\"https:\/\/austria-best-hotels.at\/index.php\/ueber-uns\/#primaryimage\"},\"thumbnailUrl\":\"https:\/\/austria-best-hotels.at\/wp-content\/uploads\/2025\/09\/250364319.jpg\",\"datePublished\":\"2025-09-30T08:42:43+00:00\",\"dateModified\":\"2025-09-30T08:42:44+00:00\",\"breadcrumb\":{\"@id\":\"https:\/\/austria-best-hotels.at\/index.php\/ueber-uns\/#breadcrumb\"},\"inLanguage\":\"de\",\"potentialAction\":[{\"@type\":\"ReadAction\",\"target\":[\"https:\/\/austria-best-hotels.at\/index.php\/ueber-uns\/\"]}]},{\"@type\":\"ImageObject\",\"inLanguage\":\"de\",\"@id\":\"https:\/\/austria-best-hotels.at\/index.php\/ueber-uns\/#primaryimage\",\"url\":\"https:\/\/austria-best-hotels.at\/wp-content\/uploads\/2025\/09\/250364319.jpg\",\"contentUrl\":\"https:\/\/austria-best-hotels.at\/wp-content\/uploads\/2025\/09\/250364319.jpg\",\"width\":1024,\"height\":683},{\"@type\":\"BreadcrumbList\",\"@id\":\"https:\/\/austria-best-hotels.at\/index.php\/ueber-uns\/#breadcrumb\",\"itemListElement\":[{\"@type\":\"ListItem\",\"position\":1,\"name\":\"Startseite\",\"item\":\"https:\/\/austria-best-hotels.at\/\"},{\"@type\":\"ListItem\",\"position\":2,\"name\":\"\u00dcBER UNS\"}]},{\"@type\":\"WebSite\",\"@id\":\"https:\/\/austria-best-hotels.at\/#website\",\"url\":\"https:\/\/austria-best-hotels.at\/\",\"name\":\"Austria Best Hotels\",\"description\":\"DU BEI UNS\",\"publisher\":{\"@id\":\"https:\/\/austria-best-hotels.at\/#organization\"},\"potentialAction\":[{\"@type\":\"SearchAction\",\"target\":{\"@type\":\"EntryPoint\",\"urlTemplate\":\"https:\/\/austria-best-hotels.at\/?s={search_term_string}\"},\"query-input\":{\"@type\":\"PropertyValueSpecification\",\"valueRequired\":true,\"valueName\":\"search_term_string\"}}],\"inLanguage\":\"de\"},{\"@type\":\"Organization\",\"@id\":\"https:\/\/austria-best-hotels.at\/#organization\",\"name\":\"Austria Best Hotels\",\"url\":\"https:\/\/austria-best-hotels.at\/\",\"logo\":{\"@type\":\"ImageObject\",\"inLanguage\":\"de\",\"@id\":\"https:\/\/austria-best-hotels.at\/#\/schema\/logo\/image\/\",\"url\":\"https:\/\/austria-best-hotels.at\/wp-content\/uploads\/2025\/04\/cropped-Austria-Best-Hotels-Logo-50-proz-TRANSPARENT_klein.png\",\"contentUrl\":\"https:\/\/austria-best-hotels.at\/wp-content\/uploads\/2025\/04\/cropped-Austria-Best-Hotels-Logo-50-proz-TRANSPARENT_klein.png\",\"width\":783,\"height\":366,\"caption\":\"Austria Best Hotels\"},\"image\":{\"@id\":\"https:\/\/austria-best-hotels.at\/#\/schema\/logo\/image\/\"}}]}<\/script>\n<!-- \/ Yoast SEO plugin. -->","yoast_head_json":{"title":"\u00dcBER UNS - Austria Best Hotels","robots":{"index":"index","follow":"follow","max-snippet":"max-snippet:-1","max-image-preview":"max-image-preview:large","max-video-preview":"max-video-preview:-1"},"canonical":"https:\/\/austria-best-hotels.at\/index.php\/ueber-uns\/","og_locale":"de_DE","og_type":"article","og_title":"\u00dcBER UNS - Austria Best Hotels","og_description":"Austria Best Hotels Ankommen &amp; Wohlf\u00fchlen \u2013 DU bei uns Willkommen bei&nbsp;Austria Best Hotels&nbsp;\u2013 wo Vielfalt, Gastfreundschaft und Qualit\u00e4t zu einem unvergesslichen Erlebnis werden. Unsere H\u00e4user vereinen Stadthotels, Landhotels, Motels und Schl\u00f6sser \u2013 und bieten f\u00fcr jeden Anlass die passende Location. Ob Urlaub, Business oder Feier: Bei uns finden Sie Ihr Zuhause auf Zeit. Bei&hellip; Weiterlesen","og_url":"https:\/\/austria-best-hotels.at\/index.php\/ueber-uns\/","og_site_name":"Austria Best Hotels","article_modified_time":"2025-09-30T08:42:44+00:00","og_image":[{"width":1024,"height":683,"url":"https:\/\/austria-best-hotels.at\/wp-content\/uploads\/2025\/09\/250364319.jpg","type":"image\/jpeg"}],"twitter_card":"summary_large_image","twitter_misc":{"Gesch\u00e4tzte Lesezeit":"2\u00a0Minuten"},"schema":{"@context":"https:\/\/schema.org","@graph":[{"@type":"WebPage","@id":"https:\/\/austria-best-hotels.at\/index.php\/ueber-uns\/","url":"https:\/\/austria-best-hotels.at\/index.php\/ueber-uns\/","name":"\u00dcBER UNS - Austria Best Hotels","isPartOf":{"@id":"https:\/\/austria-best-hotels.at\/#website"},"primaryImageOfPage":{"@id":"https:\/\/austria-best-hotels.at\/index.php\/ueber-uns\/#primaryimage"},"image":{"@id":"https:\/\/austria-best-hotels.at\/index.php\/ueber-uns\/#primaryimage"},"thumbnailUrl":"https:\/\/austria-best-hotels.at\/wp-content\/uploads\/2025\/09\/250364319.jpg","datePublished":"2025-09-30T08:42:43+00:00","dateModified":"2025-09-30T08:42:44+00:00","breadcrumb":{"@id":"https:\/\/austria-best-hotels.at\/index.php\/ueber-uns\/#breadcrumb"},"inLanguage":"de","potentialAction":[{"@type":"ReadAction","target":["https:\/\/austria-best-hotels.at\/index.php\/ueber-uns\/"]}]},{"@type":"ImageObject","inLanguage":"de","@id":"https:\/\/austria-best-hotels.at\/index.php\/ueber-uns\/#primaryimage","url":"https:\/\/austria-best-hotels.at\/wp-content\/uploads\/2025\/09\/250364319.jpg","contentUrl":"https:\/\/austria-best-hotels.at\/wp-content\/uploads\/2025\/09\/250364319.jpg","width":1024,"height":683},{"@type":"BreadcrumbList","@id":"https:\/\/austria-best-hotels.at\/index.php\/ueber-uns\/#breadcrumb","itemListElement":[{"@type":"ListItem","position":1,"name":"Startseite","item":"https:\/\/austria-best-hotels.at\/"},{"@type":"ListItem","position":2,"name":"\u00dcBER UNS"}]},{"@type":"WebSite","@id":"https:\/\/austria-best-hotels.at\/#website","url":"https:\/\/austria-best-hotels.at\/","name":"Austria Best Hotels","description":"DU BEI UNS","publisher":{"@id":"https:\/\/austria-best-hotels.at\/#organization"},"potentialAction":[{"@type":"SearchAction","target":{"@type":"EntryPoint","urlTemplate":"https:\/\/austria-best-hotels.at\/?s={search_term_string}"},"query-input":{"@type":"PropertyValueSpecification","valueRequired":true,"valueName":"search_term_string"}}],"inLanguage":"de"},{"@type":"Organization","@id":"https:\/\/austria-best-hotels.at\/#organization","name":"Austria Best Hotels","url":"https:\/\/austria-best-hotels.at\/","logo":{"@type":"ImageObject","inLanguage":"de","@id":"https:\/\/austria-best-hotels.at\/#\/schema\/logo\/image\/","url":"https:\/\/austria-best-hotels.at\/wp-content\/uploads\/2025\/04\/cropped-Austria-Best-Hotels-Logo-50-proz-TRANSPARENT_klein.png","contentUrl":"https:\/\/austria-best-hotels.at\/wp-content\/uploads\/2025\/04\/cropped-Austria-Best-Hotels-Logo-50-proz-TRANSPARENT_klein.png","width":783,"height":366,"caption":"Austria Best Hotels"},"image":{"@id":"https:\/\/austria-best-hotels.at\/#\/schema\/logo\/image\/"}}]}},"_links":{"self":[{"href":"https:\/\/austria-best-hotels.at\/index.php\/wp-json\/wp\/v2\/pages\/365","targetHints":{"allow":["GET"]}}],"collection":[{"href":"https:\/\/austria-best-hotels.at\/index.php\/wp-json\/wp\/v2\/pages"}],"about":[{"href":"https:\/\/austria-best-hotels.at\/index.php\/wp-json\/wp\/v2\/types\/page"}],"author":[{"embeddable":true,"href":"https:\/\/austria-best-hotels.at\/index.php\/wp-json\/wp\/v2\/users\/1"}],"replies":[{"embeddable":true,"href":"https:\/\/austria-best-hotels.at\/index.php\/wp-json\/wp\/v2\/comments?post=365"}],"version-history":[{"count":12,"href":"https:\/\/austria-best-hotels.at\/index.php\/wp-json\/wp\/v2\/pages\/365\/revisions"}],"predecessor-version":[{"id":380,"href":"https:\/\/austria-best-hotels.at\/index.php\/wp-json\/wp\/v2\/pages\/365\/revisions\/380"}],"wp:attachment":[{"href":"https:\/\/austria-best-hotels.at\/index.php\/wp-json\/wp\/v2\/media?parent=365"}],"curies":[{"name":"wp","href":"https:\/\/api.w.org\/{rel}","templated":true}]}}